{"id":20209,"date":"2021-04-16T17:30:24","date_gmt":"2021-04-16T15:30:24","guid":{"rendered":"https:\/\/skalup.com\/disclaimer\/"},"modified":"2026-03-19T14:04:53","modified_gmt":"2026-03-19T13:04:53","slug":"disclaimer","status":"publish","type":"page","link":"https:\/\/www.skalup.com\/fr\/disclaimer\/","title":{"rendered":"Mentions l\u00e9gales"},"content":{"rendered":"<div class=\"brz brz-root__container brz-reset-all brz-root__container-page\" >\n<section id=\"lgdufuxcolbsnszpvxkxlyrybattttzfgbsn_lgdufuxcolbsnszpvxkxlyrybattttzfgbsn\" class=\"brz-section brz-css-d-section brz-css-tzyb2i\">\n<div class=\"brz-section__content brz-section--boxed brz-css-d-sectionitem-bg brz-css-1gukeqh\" data-brz-custom-id=\"errnweexytemrecwhudivurusowdugipykvd\">\n<div class=\"brz-bg\">\n<div class=\"brz-bg-color\"><\/div>\n<\/div>\n<div class=\"brz-container brz-css-d-sectionitem-container brz-css-1g5nu3w\">\n<div class=\"brz-row__container brz-css-d-row-row brz-css-xvrpp8\" data-brz-custom-id=\"eoctfhmcsdqbjurikrcoczqexwddltezptfz\">\n<div class=\"brz-row brz-css-d-row-container brz-css-r-row-container brz-css-r5wpm1\">\n<div class=\"brz-columns brz-css-d-column-column brz-css-cwsqs3\" data-brz-custom-id=\"kllnugnyaufqpnnmimjncxkiqkisjsuacdvd\">\n<div class=\"brz-column__items brz-css-d-column-bg brz-css-d7a3w9\"><\/div>\n<\/div>\n<div class=\"brz-columns brz-css-d-column-column brz-css-1oj9eoe\" data-brz-custom-id=\"fpdiipxgjafdepblmqywqergssjafmeuuvhf\">\n<div class=\"brz-bg\">\n<div class=\"brz-bg-color\"><\/div>\n<\/div>\n<div class=\"brz-column__items brz-css-d-column-bg brz-css-3gipdc\">\n<div id=\"\" class=\"brz-css-d-wrapper brz-css-1i9q0w5 brz-wrapper\">\n<div class=\"brz-rich-text brz-rich-text__custom brz-css-d-richtext brz-css-3027z1\" data-brz-custom-id=\"pkarpklqweluedkiqqbezfhnumlihvifuzky\">\n<div data-brz-translate-text=\"1\">\n<h1 class=\"brz-fsft-lg-0 brz-fwdth-lg-100 brz-vfw-lg-400 brz-lh-lg-1_3 brz-ls-lg-m_1_5 brz-fw-lg-200 brz-fss-lg-px brz-fs-lg-40 brz-ft-google brz-ff-montserrat brz-tp-lg-heading1 brz-css-uvyPD\" data-uniq-id=\"zdKHd\" data-generated-css=\"brz-css-c46w4\"><strong style=\"color: rgb(7, 10, 10);\">Mentions l\u00e9gales<\/strong><\/h1>\n<\/div>\n<\/div>\n<\/div>\n<div id=\"\" class=\"brz-css-d-wrapper brz-css-1bljqxo brz-wrapper\">\n<div class=\"brz-wp-shortcode brz-css-d-wpcustomshortcode brz-css-f0qx2e\" data-brz-custom-id=\"nkk6wKXf7mI2\">\n<div>\n<!-- Legal document generated by Complianz | GDPR\/CCPA Cookie Consent https:\/\/wordpress.org\/plugins\/complianz-gdpr -->\n<div id=\"cmplz-document\" class=\"cmplz-document disclaimer cmplz-document-all\"><p>SkalUP s'engage \u00e0 maintenir ce site web \u00e0 jour en temps et en heure. Si toutefois vous rencontrez un probl\u00e8me ou des donn\u00e9es obsol\u00e8te, nous vous serions reconnaissants de nous le faire savoir. Veuillez indiquer o\u00f9 sur le site web vous lisez les informations incorrectes. Nous examinerons cela d\u00e8s que possible. Veuillez envoyer votre r\u00e9ponse par e-mail \u00e0 : <span class=\"cmplz-obfuscate\">contact@<span class=\"cmplz-fmail-domain\">ex.com<\/span>&#115;&#107;a&#108;&#117;p.&#099;&#111;&#109;<\/span>.<\/p><p>Nous ne sommes pas responsables des pertes r\u00e9sultant d'inexactitudes ou de lacunes, ni des pertes r\u00e9sultant de probl\u00e8mes caus\u00e9s par ou inh\u00e9rents \u00e0 la diffusion d'informations par Internet, tels que des perturbations ou des interruptions. Lors de l'utilisation de formulaires Web, nous nous effor\u00e7ons de limiter le nombre de champs obligatoires au minimum. Pour toute perte subie \u00e0 la suite de l'utilisation de donn\u00e9es, de conseils ou d'id\u00e9es fournis par ou au nom de SkalUP via ce site web, SkalUP n'assume aucune responsabilit\u00e9.<\/p><p>Les r\u00e9ponses et les demandes de renseignements personnelles soumises par e-mail ou \u00e0 l'aide d'un formulaire web seront trait\u00e9es de la m\u00eame mani\u00e8re que les lettres. Cela signifie que vous pouvez attendre une r\u00e9ponse de notre part dans un d\u00e9lai d'un mois au plus tard. En cas de demandes complexes, nous vous informerons dans un d\u00e9lai d'un mois si nous avons besoin d'un d\u00e9lai maximum de 3 mois.<\/p><p>Toutes les donn\u00e9es personnelles que vous nous fournissez dans le cadre de votre r\u00e9ponse ou de votre demande d'informations ne seront utilis\u00e9es que conform\u00e9ment \u00e0 notre d\u00e9claration de confidentialit\u00e9.<\/p><p>SkalUP doit faire tous les efforts possibles pour prot\u00e9ger ses syst\u00e8mes contre toute forme d'utilisation illicite. SkalUP doit mettre en \u0153uvre les mesures techniques et organisationnelles appropri\u00e9es \u00e0 cette fin, en tenant compte, entre autres, de l'\u00e9tat de l'art. Toutefois, il ne saurait \u00eatre tenu pour responsable de quelque pr\u00e9judice que ce soit, direct et\/ou indirect, subi par un utilisateur du site web, r\u00e9sultant de l'utilisation ill\u00e9gale de ses syst\u00e8mes par une tierce partie.<\/p><p>Tous les droits de propri\u00e9t\u00e9 intellectuelle sur le contenu de ce site web sont la propri\u00e9t\u00e9 de SkalUP.<\/p><p>La copie, la diffusion et toute autre utilisation de ces documents sont interdites sans l'autorisation \u00e9crite de SkalUP , sauf si et dans la mesure o\u00f9 le stipule une r\u00e9glementation imp\u00e9rative (telle que le droit de citer), sauf indication contraire du contenu.<\/p><p>Si vous avez des questions ou des probl\u00e8mes d'accessibilit\u00e9 du site, n'h\u00e9sitez pas \u00e0 nous contacter.<\/p><\/div><\/div>\n<\/div>\n<\/div>\n<\/div>\n<\/div>\n<div class=\"brz-columns brz-css-d-column-column brz-css-d5ocym\" data-brz-custom-id=\"xjdtiqwfkuohzifrtnbevfrqwtdvoudnyjxx\">\n<div class=\"brz-column__items brz-css-d-column-bg brz-css-1ugp2m5\"><\/div>\n<\/div>\n<\/div>\n<\/div>\n<\/div>\n<\/div>\n<\/section><\/div>\n<p><!-- version:1773925493 --><\/p>","protected":false},"excerpt":{"rendered":"<p>Mentions l\u00e9gales<\/p>","protected":false},"author":6,"featured_media":0,"parent":0,"menu_order":0,"comment_status":"closed","ping_status":"closed","template":"brizy-blank-template.php","meta":{"content-type":"","_exactmetrics_skip_tracking":false,"_exactmetrics_sitenote_active":false,"_exactmetrics_sitenote_note":"","_exactmetrics_sitenote_category":0,"footnotes":""},"class_list":["post-20209","page","type-page","status-publish","hentry","entry"],"yoast_head":"<!-- This site is optimized with the Yoast SEO plugin v27.2 - https:\/\/yoast.com\/product\/yoast-seo-wordpress\/ -->\n<title>Disclaimer - SkalUP<\/title>\n<meta name=\"description\" content=\"Disclaimer of SkalUP company. SkalUP is committed to keeping this website up to date and accurate.\" \/>\n<meta name=\"robots\" content=\"index, follow, max-snippet:-1, max-image-preview:large, max-video-preview:-1\" \/>\n<link rel=\"canonical\" href=\"https:\/\/www.skalup.com\/fr\/disclaimer\/\" \/>\n<meta property=\"og:locale\" content=\"fr_FR\" \/>\n<meta property=\"og:type\" content=\"article\" \/>\n<meta property=\"og:title\" content=\"Disclaimer - SkalUP\" \/>\n<meta property=\"og:description\" content=\"Disclaimer of SkalUP company. SkalUP is committed to keeping this website up to date and accurate.\" \/>\n<meta property=\"og:url\" content=\"https:\/\/www.skalup.com\/fr\/disclaimer\/\" \/>\n<meta property=\"og:site_name\" content=\"SkalUP\" \/>\n<meta property=\"article:publisher\" content=\"https:\/\/www.facebook.com\/skalup\/\" \/>\n<meta property=\"article:modified_time\" content=\"2026-03-19T13:04:53+00:00\" \/>\n<meta property=\"og:image\" content=\"https:\/\/www.skalup.com\/wp-content\/uploads\/2021\/10\/SkalUP-logo.png\" \/>\n\t<meta property=\"og:image:width\" content=\"1920\" \/>\n\t<meta property=\"og:image:height\" content=\"520\" \/>\n\t<meta property=\"og:image:type\" content=\"image\/png\" \/>\n<meta name=\"twitter:card\" content=\"summary_large_image\" \/>\n<meta name=\"twitter:site\" content=\"@skalup_com\" \/>\n<meta name=\"twitter:label1\" content=\"Dur\u00e9e de lecture est.\" \/>\n\t<meta name=\"twitter:data1\" content=\"1 minute\" \/>\n<script type=\"application\/ld+json\" class=\"yoast-schema-graph\">{\"@context\":\"https:\/\/schema.org\",\"@graph\":[{\"@type\":\"WebPage\",\"@id\":\"https:\/\/www.skalup.com\/disclaimer\/\",\"url\":\"https:\/\/www.skalup.com\/disclaimer\/\",\"name\":\"Disclaimer - SkalUP\",\"isPartOf\":{\"@id\":\"https:\/\/www.skalup.com\/#website\"},\"datePublished\":\"2021-04-16T15:30:24+00:00\",\"dateModified\":\"2026-03-19T13:04:53+00:00\",\"description\":\"Disclaimer of SkalUP company. SkalUP is committed to keeping this website up to date and accurate.\",\"breadcrumb\":{\"@id\":\"https:\/\/www.skalup.com\/disclaimer\/#breadcrumb\"},\"inLanguage\":\"fr-BE\",\"potentialAction\":[{\"@type\":\"ReadAction\",\"target\":[\"https:\/\/www.skalup.com\/disclaimer\/\"]}]},{\"@type\":\"BreadcrumbList\",\"@id\":\"https:\/\/www.skalup.com\/disclaimer\/#breadcrumb\",\"itemListElement\":[{\"@type\":\"ListItem\",\"position\":1,\"name\":\"Home\",\"item\":\"https:\/\/www.skalup.com\/\"},{\"@type\":\"ListItem\",\"position\":2,\"name\":\"Disclaimer\"}]},{\"@type\":\"WebSite\",\"@id\":\"https:\/\/www.skalup.com\/#website\",\"url\":\"https:\/\/www.skalup.com\/\",\"name\":\"SkalUP\",\"description\":\"AI-powered Configurators\",\"publisher\":{\"@id\":\"https:\/\/www.skalup.com\/#organization\"},\"potentialAction\":[{\"@type\":\"SearchAction\",\"target\":{\"@type\":\"EntryPoint\",\"urlTemplate\":\"https:\/\/www.skalup.com\/?s={search_term_string}\"},\"query-input\":{\"@type\":\"PropertyValueSpecification\",\"valueRequired\":true,\"valueName\":\"search_term_string\"}}],\"inLanguage\":\"fr-BE\"},{\"@type\":\"Organization\",\"@id\":\"https:\/\/www.skalup.com\/#organization\",\"name\":\"SkalUP\",\"url\":\"https:\/\/www.skalup.com\/\",\"logo\":{\"@type\":\"ImageObject\",\"inLanguage\":\"fr-BE\",\"@id\":\"https:\/\/www.skalup.com\/#\/schema\/logo\/image\/\",\"url\":\"https:\/\/www.skalup.com\/wp-content\/uploads\/2016\/06\/Skalup-logo-fit.png\",\"contentUrl\":\"https:\/\/www.skalup.com\/wp-content\/uploads\/2016\/06\/Skalup-logo-fit.png\",\"width\":575,\"height\":175,\"caption\":\"SkalUP\"},\"image\":{\"@id\":\"https:\/\/www.skalup.com\/#\/schema\/logo\/image\/\"},\"sameAs\":[\"https:\/\/www.facebook.com\/skalup\/\",\"https:\/\/x.com\/skalup_com\",\"http:\/\/linkedin.com\/company\/skalup\"]}]}<\/script>\n<!-- \/ Yoast SEO plugin. -->","yoast_head_json":{"title":"Avertissement - SkalUP","description":"Avis de non-responsabilit\u00e9 de la soci\u00e9t\u00e9 SkalUP. SkalUP s'engage \u00e0 maintenir ce site web \u00e0 jour et exact.","robots":{"index":"index","follow":"follow","max-snippet":"max-snippet:-1","max-image-preview":"max-image-preview:large","max-video-preview":"max-video-preview:-1"},"canonical":"https:\/\/www.skalup.com\/fr\/disclaimer\/","og_locale":"fr_FR","og_type":"article","og_title":"Disclaimer - SkalUP","og_description":"Disclaimer of SkalUP company. SkalUP is committed to keeping this website up to date and accurate.","og_url":"https:\/\/www.skalup.com\/fr\/disclaimer\/","og_site_name":"SkalUP","article_publisher":"https:\/\/www.facebook.com\/skalup\/","article_modified_time":"2026-03-19T13:04:53+00:00","og_image":[{"width":1920,"height":520,"url":"https:\/\/www.skalup.com\/wp-content\/uploads\/2021\/10\/SkalUP-logo.png","type":"image\/png"}],"twitter_card":"summary_large_image","twitter_site":"@skalup_com","twitter_misc":{"Dur\u00e9e de lecture est.":"1 minute"},"schema":{"@context":"https:\/\/schema.org","@graph":[{"@type":"WebPage","@id":"https:\/\/www.skalup.com\/disclaimer\/","url":"https:\/\/www.skalup.com\/disclaimer\/","name":"Avertissement - SkalUP","isPartOf":{"@id":"https:\/\/www.skalup.com\/#website"},"datePublished":"2021-04-16T15:30:24+00:00","dateModified":"2026-03-19T13:04:53+00:00","description":"Avis de non-responsabilit\u00e9 de la soci\u00e9t\u00e9 SkalUP. SkalUP s'engage \u00e0 maintenir ce site web \u00e0 jour et exact.","breadcrumb":{"@id":"https:\/\/www.skalup.com\/disclaimer\/#breadcrumb"},"inLanguage":"fr-BE","potentialAction":[{"@type":"ReadAction","target":["https:\/\/www.skalup.com\/disclaimer\/"]}]},{"@type":"BreadcrumbList","@id":"https:\/\/www.skalup.com\/disclaimer\/#breadcrumb","itemListElement":[{"@type":"ListItem","position":1,"name":"Home","item":"https:\/\/www.skalup.com\/"},{"@type":"ListItem","position":2,"name":"Disclaimer"}]},{"@type":"WebSite","@id":"https:\/\/www.skalup.com\/#website","url":"https:\/\/www.skalup.com\/","name":"SkalUP","description":"Configurateurs aliment\u00e9s par l'IA","publisher":{"@id":"https:\/\/www.skalup.com\/#organization"},"potentialAction":[{"@type":"SearchAction","target":{"@type":"EntryPoint","urlTemplate":"https:\/\/www.skalup.com\/?s={search_term_string}"},"query-input":{"@type":"PropertyValueSpecification","valueRequired":true,"valueName":"search_term_string"}}],"inLanguage":"fr-BE"},{"@type":"Organization","@id":"https:\/\/www.skalup.com\/#organization","name":"SkalUP","url":"https:\/\/www.skalup.com\/","logo":{"@type":"ImageObject","inLanguage":"fr-BE","@id":"https:\/\/www.skalup.com\/#\/schema\/logo\/image\/","url":"https:\/\/www.skalup.com\/wp-content\/uploads\/2016\/06\/Skalup-logo-fit.png","contentUrl":"https:\/\/www.skalup.com\/wp-content\/uploads\/2016\/06\/Skalup-logo-fit.png","width":575,"height":175,"caption":"SkalUP"},"image":{"@id":"https:\/\/www.skalup.com\/#\/schema\/logo\/image\/"},"sameAs":["https:\/\/www.facebook.com\/skalup\/","https:\/\/x.com\/skalup_com","http:\/\/linkedin.com\/company\/skalup"]}]}},"brizy_media":[],"_links":{"self":[{"href":"https:\/\/www.skalup.com\/fr\/wp-json\/wp\/v2\/pages\/20209","targetHints":{"allow":["GET"]}}],"collection":[{"href":"https:\/\/www.skalup.com\/fr\/wp-json\/wp\/v2\/pages"}],"about":[{"href":"https:\/\/www.skalup.com\/fr\/wp-json\/wp\/v2\/types\/page"}],"author":[{"embeddable":true,"href":"https:\/\/www.skalup.com\/fr\/wp-json\/wp\/v2\/users\/6"}],"replies":[{"embeddable":true,"href":"https:\/\/www.skalup.com\/fr\/wp-json\/wp\/v2\/comments?post=20209"}],"version-history":[{"count":21,"href":"https:\/\/www.skalup.com\/fr\/wp-json\/wp\/v2\/pages\/20209\/revisions"}],"predecessor-version":[{"id":37702,"href":"https:\/\/www.skalup.com\/fr\/wp-json\/wp\/v2\/pages\/20209\/revisions\/37702"}],"wp:attachment":[{"href":"https:\/\/www.skalup.com\/fr\/wp-json\/wp\/v2\/media?parent=20209"}],"curies":[{"name":"wp","href":"https:\/\/api.w.org\/{rel}","templated":true}]}}