{"id":6502,"date":"2020-11-26T12:02:20","date_gmt":"2020-11-26T11:02:20","guid":{"rendered":"https:\/\/skalup.com\/?page_id=6502"},"modified":"2026-03-18T09:54:15","modified_gmt":"2026-03-18T08:54:15","slug":"demo_the_fr","status":"publish","type":"page","link":"https:\/\/www.skalup.com\/fr\/demo_the_fr\/","title":{"rendered":"Assistant de d\u00e9monstration du SkalUP - English"},"content":{"rendered":"<div class=\"brz brz-root__container brz-reset-all brz-root__container-page\" >\n<section id=\"lfoyewzidayddxsnotldgxralprabcsihpgi_lfoyewzidayddxsnotldgxralprabcsihpgi\" class=\"brz-section brz-css-d-section brz-css-p6i74o\">\n<div class=\"brz-section__content brz-section--boxed brz-css-d-sectionitem-bg brz-css-t1ufv8\" data-brz-custom-id=\"yvjqpuuyqrrdltgqwmkiidaixrdgegdtfhsz\">\n<div class=\"brz-bg\">\n<div class=\"brz-bg-image\"><\/div>\n<div class=\"brz-bg-color\"><\/div>\n<\/div>\n<div class=\"brz-container brz-css-d-sectionitem-container brz-css-1isj40j\">\n<div id=\"\" class=\"brz-css-d-wrapper brz-css-he76ck brz-wrapper\">\n<div class=\"brz-rich-text brz-rich-text__custom brz-css-d-richtext brz-css-9aadh3\" data-brz-custom-id=\"vaiakafotihoaamdovmgqugxhdeunelmlulg\">\n<div data-brz-translate-text=\"1\">\n<h1 class=\"brz-tp-lg-heading1 brz-css-noAwr\" data-generated-css=\"brz-css-wNnan\" data-uniq-id=\"rY85a\"><strong class=\"brz-cp-color1\">DISCOVER THE BEST TEA FOR YOU<\/strong><\/h1>\n<\/div>\n<\/div>\n<\/div>\n<div id=\"\" class=\"brz-css-d-wrapper brz-css-r-wrapper brz-css-yny81o brz-wrapper\">\n<div class=\"brz-spacer brz-css-d-spacer brz-css-1qawdob\"><\/div>\n<\/div>\n<\/div>\n<\/div>\n<\/section>\n<section id=\"mgqbsgztkyrxlprlzssptfwpeebgurfdjqmu_mgqbsgztkyrxlprlzssptfwpeebgurfdjqmu\" class=\"brz-section brz-css-d-section brz-css-zscot5\">\n<div class=\"brz-section__content brz-section--boxed brz-css-d-sectionitem-bg brz-css-xj1wbw\" data-brz-custom-id=\"xeieebknvjpuxwmbhluvgmjtibimtfftpagd\">\n<div class=\"brz-bg\">\n<div class=\"brz-bg-color\"><\/div>\n<\/div>\n<div class=\"brz-container brz-css-d-sectionitem-container brz-css-1smpcdw\">\n<div class=\"brz-row__container brz-css-d-row-row brz-css-18gnvcd\" data-brz-custom-id=\"tdfbhztutjsnjhgqtpzojdyhandiwyvyfsoe\">\n<div class=\"brz-row brz-css-d-row-container brz-css-r-row-container brz-css-171j7gd\">\n<div class=\"brz-columns brz-css-d-column-column brz-css-344cuq\" data-brz-custom-id=\"cwxpolzhzqesxbulwzirjvhwritmxbgpjnvd\">\n<div class=\"brz-column__items brz-css-d-column-bg brz-css-1h3q3a0\">\n<div id=\"\" class=\"brz-css-d-wrapper brz-css-yiug5j brz-wrapper\">\n<div class=\"brz-embed-code brz-css-d-embedcode brz-css-73hswl\" data-brz-custom-id=\"zqxarkwcxczwcwyocllxutfhfpilvovtgehn\">\n<div class=\"brz-embed-content\">\n<div>\n<div style=\"height: 80vh;\">\n  <iframe id=\"skalup-application\" title=\"Skalup Configurator\" width=\"100%\" style=\"height: 100%\" src=\"https:\/\/answer.assistant.skalup.com\/?configuratorId=ECF-R-2025-06-06-CF8461518D13&amp;lang=fr&amp;published=\"><\/iframe>\n<\/div>\n<\/div>\n<\/div>\n<\/div>\n<\/div>\n<\/div>\n<\/div>\n<\/div>\n<\/div>\n<\/div>\n<\/div>\n<\/section>\n<footer id=\"cjkqwxpumrxuiatkcrsrogyvckpoazqaripl_cjkqwxpumrxuiatkcrsrogyvckpoazqaripl\" class=\"brz-footer brz-css-d-sectionfooter-section brz-css-qbxrcd\" data-brz-custom-id=\"cjkqwxpumrxuiatkcrsrogyvckpoazqaripl\">\n<div class=\"brz-container brz-css-d-sectionfooter-container brz-css-13be6tf\">\n<div class=\"brz-row__container brz-css-d-row-row brz-css-bpeo41\" data-brz-custom-id=\"zytljxuikkbtxdjsorgjnywgcfkdqkafebjo\">\n<div class=\"brz-bg\"><\/div>\n<div class=\"brz-row brz-css-d-row-container brz-css-1k939fa\">\n<div class=\"brz-columns brz-css-d-column-column brz-css-fs614i\" data-brz-custom-id=\"ryecccrkebyffblsavqxwvacsteievlkbfys\">\n<div class=\"brz-column__items brz-css-d-column-bg brz-css-1vuybye\">\n<div id=\"\" class=\"brz-css-d-wrapper brz-css-dy573d brz-wrapper\">\n<div class=\"brz-rich-text brz-rich-text__custom brz-css-d-richtext brz-css-y94869\" data-brz-custom-id=\"ybjahubtkhudghjlrbpvebcqwzfiizufzyiu\">\n<div data-brz-translate-text=\"1\">\n<p class=\"brz-text-sm-left brz-text-lg-center brz-fw-sm-300 brz-lh-xs-1_7 brz-fw-xs-300 brz-text-xs-center brz-lh-sm-1_7 brz-fs-xs-14 brz-fs-sm-13 brz-lh-lg-1_7 brz-fs-lg-16 brz-ls-lg-0 brz-ls-sm-0 brz-ls-xs-0 brz-ff-montserrat brz-ft-google brz-fw-lg-300 brz-css-eY8CF\" data-uniq-id=\"azibz\" data-generated-css=\"brz-css-innpf\"><span class=\"brz-cp-color7\">Engineered with love in Namur <\/span><\/p>\n<p class=\"brz-text-sm-left brz-text-lg-center brz-fw-sm-300 brz-lh-xs-1_7 brz-fw-xs-300 brz-text-xs-center brz-lh-sm-1_7 brz-fs-xs-14 brz-fs-sm-13 brz-lh-lg-1_7 brz-fs-lg-16 brz-ls-lg-0 brz-ls-sm-0 brz-ls-xs-0 brz-ff-montserrat brz-ft-google brz-fw-lg-300 brz-css-q3LEX\" data-uniq-id=\"skbco\" data-generated-css=\"brz-css-hvlfx\"><span class=\"brz-cp-color7\">\u00a9 SkalUP 2023.<\/span><\/p>\n<\/div>\n<\/div>\n<\/div>\n<\/div>\n<\/div>\n<div class=\"brz-columns brz-css-d-column-column brz-css-13tsipd\" data-brz-custom-id=\"swxqbbhffbwxvdipuvwbvoczkzliwmrxfrwn\">\n<div class=\"brz-column__items brz-css-d-column-bg brz-css-1ummft7\">\n<div id=\"\" class=\"brz-css-d-wrapper brz-css-y3rma4 brz-wrapper\">\n<div class=\"brz-image brz-css-d-image-ihzrymqqenhqaoqfpabjurtkntknlsdneaub-parent brz-css-56fz9i\" data-brz-custom-id=\"ihzrymqqenhqaoqfpabjurtkntknlsdneaub\"><picture class=\"brz-picture brz-d-block brz-p-relative brz-css-d-image-ihzrymqqenhqaoqfpabjurtkntknlsdneaub-picture brz-css-18xlvjl\"><source srcset=\"https:\/\/www.skalup.com\/wp-content\/uploads\/brizy\/imgs\/logo-4-209x57x0x1x209x55x1756282939.png 1x, https:\/\/www.skalup.com\/wp-content\/uploads\/brizy\/imgs\/logo-4-418x114x0x2x418x110x1756282939.png 2x\" media=\"(min-width: 992px)\"><source srcset=\"https:\/\/www.skalup.com\/wp-content\/uploads\/brizy\/imgs\/logo-4-164x44x0x0x164x44x1756282939.png 1x, https:\/\/www.skalup.com\/wp-content\/uploads\/brizy\/imgs\/logo-4-328x88x0x0x328x88x1756282939.png 2x\" media=\"(min-width: 768px)\"><img decoding=\"async\" class=\"brz-img\" srcset=\"https:\/\/www.skalup.com\/wp-content\/uploads\/brizy\/imgs\/logo-4-164x44x0x0x164x44x1756282939.png 1x, https:\/\/www.skalup.com\/wp-content\/uploads\/brizy\/imgs\/logo-4-328x88x0x0x328x88x1756282939.png 2x\" src=\"https:\/\/www.skalup.com\/wp-content\/uploads\/brizy\/imgs\/logo-4-209x57x0x1x209x55x1756282939.png\" loading=\"lazy\" alt=\"Logo SkalUP\" title=\"Logo SkalUP\" draggable=\"false\"><\/picture><\/div>\n<\/div>\n<\/div>\n<\/div>\n<div class=\"brz-columns brz-css-d-column-column brz-css-1egxcrq\" data-brz-custom-id=\"xtgjtwyqfjskpsnsoqgccskxozdlpxgcvgzr\">\n<div class=\"brz-column__items brz-css-d-column-bg brz-css-h3hfup\">\n<div id=\"\" class=\"brz-css-d-wrapper brz-css-r-wrapper brz-css-1v6pi0p brz-wrapper\">\n<div class=\"brz-spacer brz-css-d-spacer brz-css-1msllz6\"><\/div>\n<\/div>\n<\/div>\n<\/div>\n<div class=\"brz-columns brz-css-d-column-column brz-css-kd292p\" data-brz-custom-id=\"kwmdxflhnhfigaglcdhdrkxosvyhllbwsfap\">\n<div class=\"brz-column__items brz-css-d-column-bg brz-css-92p0r4\">\n<div id=\"\" class=\"brz-css-d-wrapper brz-css-9f5mkb brz-wrapper\">\n<div class=\"brz-rich-text brz-rich-text__custom brz-css-d-richtext brz-css-kb2tiq\" data-brz-custom-id=\"penqxpjkzjeozcfmlnubnrjsxcoalwrufido\">\n<div data-brz-translate-text=\"1\">\n<p class=\"brz-text-lg-right brz-lh-lg-1_7 brz-lh-sm-im-1_6 brz-lh-xs-im-1_6 brz-fs-lg-16 brz-fs-sm-im-15 brz-fs-xs-im-15 brz-ls-lg-0 brz-ls-sm-im-0 brz-ls-xs-im-0 brz-ff-montserrat brz-ft-google brz-fw-lg-300 brz-fw-sm-im-300 brz-fw-xs-im-300 brz-css-gzZRj\"><span class=\"brz-cp-color3\">Contact us now at<\/span><span class=\"brz-cp-color7\"> contact@skalup.com<\/span><\/p>\n<\/div>\n<\/div>\n<\/div>\n<div class=\"brz-wrapper-clone brz-flex-xs-wrap brz-css-d-cloneable brz-css-1r82r3\" data-brz-custom-id=\"mdinvrwcgvnxdcdcjpcifuqhxdywygzubuiu\">\n<div class=\"brz-icon__container\" data-brz-custom-id=\"zmbqnfqobvzyuwopwzkniqpvgvyfjqggqfgn\"><a class=\"brz-a\" target=\"_blank\" rel=\"noopener noreferrer\" href=\"#https:\/\/twitter.com\/skalup_com\" data-brz-link-type=\"external\"><span class=\"brz-icon brz-span brz-css-d-icon-icon brz-css-11moqz1\"><svg class=\"brz-icon-svg align-[initial]\"><use href=\"\/wp-content\/plugins\/brizy\/public\/editor-build\/prod\/editor\/icons\/glyph\/logo-twitter.svg#nc_icon\"><\/use><\/svg><\/span><\/a><\/div>\n<div class=\"brz-icon__container\" data-brz-custom-id=\"gpsvvclpfhsppvcweyvaexvuosmssguoowyu\"><a class=\"brz-a\" target=\"_blank\" rel=\"noopener noreferrer\" href=\"#https:\/\/www.linkedin.com\/company\/skalup\/\" data-brz-link-type=\"external\"><span class=\"brz-icon brz-span brz-css-d-icon-icon brz-css-alk7t7\"><svg class=\"brz-icon-svg align-[initial]\"><use href=\"\/wp-content\/plugins\/brizy\/public\/editor-build\/prod\/editor\/icons\/fa\/linkedin.svg#fa_icon\"><\/use><\/svg><\/span><\/a><\/div>\n<\/div>\n<\/div>\n<\/div>\n<\/div>\n<\/div>\n<\/div>\n<\/footer><\/div>\n<p><!-- version:1773824055 --><\/p>\n","protected":false},"excerpt":{"rendered":"<p>DISCOVER THE BEST TEA FOR YOU Engineered with love in Namur \u00a9 SkalUP 2023. Contact us now at contact@skalup.com<\/p>","protected":false},"author":6,"featured_media":0,"parent":0,"menu_order":0,"comment_status":"closed","ping_status":"closed","template":"brizy-blank-template.php","meta":{"content-type":"","_exactmetrics_skip_tracking":false,"_exactmetrics_sitenote_active":false,"_exactmetrics_sitenote_note":"","_exactmetrics_sitenote_category":0,"footnotes":""},"class_list":["post-6502","page","type-page","status-publish","hentry","entry"],"yoast_head":"<!-- This site is optimized with the Yoast SEO plugin v27.2 - https:\/\/yoast.com\/product\/yoast-seo-wordpress\/ -->\n<title>Demo assistant the SkalUP &#8211; Fran\u00e7ais - SkalUP<\/title>\n<meta name=\"description\" content=\"Offer the best shopping experience thanks to powerful ai-powered configurators. No matter the complexity of your products, SkalUP configurators can transform it into intuitive shopping experience for your customers. Offer accurate and optimised quotes in no time.\" \/>\n<meta name=\"robots\" content=\"index, follow, max-snippet:-1, max-image-preview:large, max-video-preview:-1\" \/>\n<link rel=\"canonical\" href=\"https:\/\/www.skalup.com\/fr\/demo_the_fr\/\" \/>\n<meta property=\"og:locale\" content=\"fr_FR\" \/>\n<meta property=\"og:type\" content=\"article\" \/>\n<meta property=\"og:title\" content=\"Demo assistant the SkalUP &#8211; Fran\u00e7ais - SkalUP\" \/>\n<meta property=\"og:description\" content=\"Offer the best shopping experience thanks to powerful ai-powered configurators. No matter the complexity of your products, SkalUP configurators can transform it into intuitive shopping experience for your customers. Offer accurate and optimised quotes in no time.\" \/>\n<meta property=\"og:url\" content=\"https:\/\/www.skalup.com\/fr\/demo_the_fr\/\" \/>\n<meta property=\"og:site_name\" content=\"SkalUP\" \/>\n<meta property=\"article:publisher\" content=\"https:\/\/www.facebook.com\/skalup\/\" \/>\n<meta property=\"article:modified_time\" content=\"2026-03-18T08:54:15+00:00\" \/>\n<meta property=\"og:image\" content=\"https:\/\/www.skalup.com\/wp-content\/uploads\/brizy\/imgs\/logo-4-209x57x0x1x209x55x1756282939.png\" \/>\n<meta name=\"twitter:card\" content=\"summary_large_image\" \/>\n<meta name=\"twitter:site\" content=\"@skalup_com\" \/>\n<meta name=\"twitter:label1\" content=\"Dur\u00e9e de lecture est.\" \/>\n\t<meta name=\"twitter:data1\" content=\"1 minute\" \/>\n<script type=\"application\/ld+json\" class=\"yoast-schema-graph\">{\"@context\":\"https:\/\/schema.org\",\"@graph\":[{\"@type\":\"WebPage\",\"@id\":\"https:\/\/www.skalup.com\/demo_the_fr\/\",\"url\":\"https:\/\/www.skalup.com\/demo_the_fr\/\",\"name\":\"Demo assistant the SkalUP &#8211; Fran\u00e7ais - SkalUP\",\"isPartOf\":{\"@id\":\"https:\/\/www.skalup.com\/#website\"},\"primaryImageOfPage\":{\"@id\":\"https:\/\/www.skalup.com\/demo_the_fr\/#primaryimage\"},\"image\":{\"@id\":\"https:\/\/www.skalup.com\/demo_the_fr\/#primaryimage\"},\"thumbnailUrl\":\"https:\/\/www.skalup.com\/wp-content\/uploads\/brizy\/imgs\/logo-4-209x57x0x1x209x55x1756282939.png\",\"datePublished\":\"2020-11-26T11:02:20+00:00\",\"dateModified\":\"2026-03-18T08:54:15+00:00\",\"description\":\"Offer the best shopping experience thanks to powerful ai-powered configurators. No matter the complexity of your products, SkalUP configurators can transform it into intuitive shopping experience for your customers. Offer accurate and optimised quotes in no time.\",\"breadcrumb\":{\"@id\":\"https:\/\/www.skalup.com\/demo_the_fr\/#breadcrumb\"},\"inLanguage\":\"fr-BE\",\"potentialAction\":[{\"@type\":\"ReadAction\",\"target\":[\"https:\/\/www.skalup.com\/demo_the_fr\/\"]}]},{\"@type\":\"ImageObject\",\"inLanguage\":\"fr-BE\",\"@id\":\"https:\/\/www.skalup.com\/demo_the_fr\/#primaryimage\",\"url\":\"https:\/\/www.skalup.com\/wp-content\/uploads\/brizy\/imgs\/logo-4-209x57x0x1x209x55x1756282939.png\",\"contentUrl\":\"https:\/\/www.skalup.com\/wp-content\/uploads\/brizy\/imgs\/logo-4-209x57x0x1x209x55x1756282939.png\"},{\"@type\":\"BreadcrumbList\",\"@id\":\"https:\/\/www.skalup.com\/demo_the_fr\/#breadcrumb\",\"itemListElement\":[{\"@type\":\"ListItem\",\"position\":1,\"name\":\"Home\",\"item\":\"https:\/\/www.skalup.com\/\"},{\"@type\":\"ListItem\",\"position\":2,\"name\":\"Demo assistant the SkalUP &#8211; Fran\u00e7ais\"}]},{\"@type\":\"WebSite\",\"@id\":\"https:\/\/www.skalup.com\/#website\",\"url\":\"https:\/\/www.skalup.com\/\",\"name\":\"SkalUP\",\"description\":\"AI-powered Configurators\",\"publisher\":{\"@id\":\"https:\/\/www.skalup.com\/#organization\"},\"potentialAction\":[{\"@type\":\"SearchAction\",\"target\":{\"@type\":\"EntryPoint\",\"urlTemplate\":\"https:\/\/www.skalup.com\/?s={search_term_string}\"},\"query-input\":{\"@type\":\"PropertyValueSpecification\",\"valueRequired\":true,\"valueName\":\"search_term_string\"}}],\"inLanguage\":\"fr-BE\"},{\"@type\":\"Organization\",\"@id\":\"https:\/\/www.skalup.com\/#organization\",\"name\":\"SkalUP\",\"url\":\"https:\/\/www.skalup.com\/\",\"logo\":{\"@type\":\"ImageObject\",\"inLanguage\":\"fr-BE\",\"@id\":\"https:\/\/www.skalup.com\/#\/schema\/logo\/image\/\",\"url\":\"https:\/\/www.skalup.com\/wp-content\/uploads\/2016\/06\/Skalup-logo-fit.png\",\"contentUrl\":\"https:\/\/www.skalup.com\/wp-content\/uploads\/2016\/06\/Skalup-logo-fit.png\",\"width\":575,\"height\":175,\"caption\":\"SkalUP\"},\"image\":{\"@id\":\"https:\/\/www.skalup.com\/#\/schema\/logo\/image\/\"},\"sameAs\":[\"https:\/\/www.facebook.com\/skalup\/\",\"https:\/\/x.com\/skalup_com\",\"http:\/\/linkedin.com\/company\/skalup\"]}]}<\/script>\n<!-- \/ Yoast SEO plugin. -->","yoast_head_json":{"title":"Assistant d\u00e9mo du SkalUP - Fran\u00e7ais - SkalUP","description":"Gr\u00e2ce aux configurateurs produits SkalUP, aliment\u00e9s par l'IA, proposez une exp\u00e9rience d'achat fluide et intuitive \u00e0 vos clients, quelle que soit la complexit\u00e9 de vos produits !","robots":{"index":"index","follow":"follow","max-snippet":"max-snippet:-1","max-image-preview":"max-image-preview:large","max-video-preview":"max-video-preview:-1"},"canonical":"https:\/\/www.skalup.com\/fr\/demo_the_fr\/","og_locale":"fr_FR","og_type":"article","og_title":"Demo assistant the SkalUP &#8211; Fran\u00e7ais - SkalUP","og_description":"Offer the best shopping experience thanks to powerful ai-powered configurators. No matter the complexity of your products, SkalUP configurators can transform it into intuitive shopping experience for your customers. Offer accurate and optimised quotes in no time.","og_url":"https:\/\/www.skalup.com\/fr\/demo_the_fr\/","og_site_name":"SkalUP","article_publisher":"https:\/\/www.facebook.com\/skalup\/","article_modified_time":"2026-03-18T08:54:15+00:00","og_image":[{"url":"https:\/\/www.skalup.com\/wp-content\/uploads\/brizy\/imgs\/logo-4-209x57x0x1x209x55x1756282939.png","type":"","width":"","height":""}],"twitter_card":"summary_large_image","twitter_site":"@skalup_com","twitter_misc":{"Dur\u00e9e de lecture est.":"1 minute"},"schema":{"@context":"https:\/\/schema.org","@graph":[{"@type":"WebPage","@id":"https:\/\/www.skalup.com\/demo_the_fr\/","url":"https:\/\/www.skalup.com\/demo_the_fr\/","name":"Assistant d\u00e9mo du SkalUP - Fran\u00e7ais - SkalUP","isPartOf":{"@id":"https:\/\/www.skalup.com\/#website"},"primaryImageOfPage":{"@id":"https:\/\/www.skalup.com\/demo_the_fr\/#primaryimage"},"image":{"@id":"https:\/\/www.skalup.com\/demo_the_fr\/#primaryimage"},"thumbnailUrl":"https:\/\/www.skalup.com\/wp-content\/uploads\/brizy\/imgs\/logo-4-209x57x0x1x209x55x1756282939.png","datePublished":"2020-11-26T11:02:20+00:00","dateModified":"2026-03-18T08:54:15+00:00","description":"Gr\u00e2ce aux configurateurs produits SkalUP, aliment\u00e9s par l'IA, proposez une exp\u00e9rience d'achat fluide et intuitive \u00e0 vos clients, quelle que soit la complexit\u00e9 de vos produits !","breadcrumb":{"@id":"https:\/\/www.skalup.com\/demo_the_fr\/#breadcrumb"},"inLanguage":"fr-BE","potentialAction":[{"@type":"ReadAction","target":["https:\/\/www.skalup.com\/demo_the_fr\/"]}]},{"@type":"ImageObject","inLanguage":"fr-BE","@id":"https:\/\/www.skalup.com\/demo_the_fr\/#primaryimage","url":"https:\/\/www.skalup.com\/wp-content\/uploads\/brizy\/imgs\/logo-4-209x57x0x1x209x55x1756282939.png","contentUrl":"https:\/\/www.skalup.com\/wp-content\/uploads\/brizy\/imgs\/logo-4-209x57x0x1x209x55x1756282939.png"},{"@type":"BreadcrumbList","@id":"https:\/\/www.skalup.com\/demo_the_fr\/#breadcrumb","itemListElement":[{"@type":"ListItem","position":1,"name":"Home","item":"https:\/\/www.skalup.com\/"},{"@type":"ListItem","position":2,"name":"Demo assistant the SkalUP &#8211; Fran\u00e7ais"}]},{"@type":"WebSite","@id":"https:\/\/www.skalup.com\/#website","url":"https:\/\/www.skalup.com\/","name":"SkalUP","description":"Configurateurs aliment\u00e9s par l'IA","publisher":{"@id":"https:\/\/www.skalup.com\/#organization"},"potentialAction":[{"@type":"SearchAction","target":{"@type":"EntryPoint","urlTemplate":"https:\/\/www.skalup.com\/?s={search_term_string}"},"query-input":{"@type":"PropertyValueSpecification","valueRequired":true,"valueName":"search_term_string"}}],"inLanguage":"fr-BE"},{"@type":"Organization","@id":"https:\/\/www.skalup.com\/#organization","name":"SkalUP","url":"https:\/\/www.skalup.com\/","logo":{"@type":"ImageObject","inLanguage":"fr-BE","@id":"https:\/\/www.skalup.com\/#\/schema\/logo\/image\/","url":"https:\/\/www.skalup.com\/wp-content\/uploads\/2016\/06\/Skalup-logo-fit.png","contentUrl":"https:\/\/www.skalup.com\/wp-content\/uploads\/2016\/06\/Skalup-logo-fit.png","width":575,"height":175,"caption":"SkalUP"},"image":{"@id":"https:\/\/www.skalup.com\/#\/schema\/logo\/image\/"},"sameAs":["https:\/\/www.facebook.com\/skalup\/","https:\/\/x.com\/skalup_com","http:\/\/linkedin.com\/company\/skalup"]}]}},"brizy_media":[],"_links":{"self":[{"href":"https:\/\/www.skalup.com\/fr\/wp-json\/wp\/v2\/pages\/6502","targetHints":{"allow":["GET"]}}],"collection":[{"href":"https:\/\/www.skalup.com\/fr\/wp-json\/wp\/v2\/pages"}],"about":[{"href":"https:\/\/www.skalup.com\/fr\/wp-json\/wp\/v2\/types\/page"}],"author":[{"embeddable":true,"href":"https:\/\/www.skalup.com\/fr\/wp-json\/wp\/v2\/users\/6"}],"replies":[{"embeddable":true,"href":"https:\/\/www.skalup.com\/fr\/wp-json\/wp\/v2\/comments?post=6502"}],"version-history":[{"count":30,"href":"https:\/\/www.skalup.com\/fr\/wp-json\/wp\/v2\/pages\/6502\/revisions"}],"predecessor-version":[{"id":37561,"href":"https:\/\/www.skalup.com\/fr\/wp-json\/wp\/v2\/pages\/6502\/revisions\/37561"}],"wp:attachment":[{"href":"https:\/\/www.skalup.com\/fr\/wp-json\/wp\/v2\/media?parent=6502"}],"curies":[{"name":"wp","href":"https:\/\/api.w.org\/{rel}","templated":true}]}}